{"id":25,"date":"2022-02-16T13:42:39","date_gmt":"2022-02-16T12:42:39","guid":{"rendered":"http:\/\/www.compakt.cz\/?page_id=25"},"modified":"2022-07-28T12:21:45","modified_gmt":"2022-07-28T10:21:45","slug":"on-line-pomoc","status":"publish","type":"page","link":"https:\/\/www.compakt.cz\/?page_id=25","title":{"rendered":"Jak nav\u00e1zat vzd\u00e1lenou pomoc"},"content":{"rendered":"\n<div class=\"wp-block-group\"><div class=\"wp-block-group__inner-container is-layout-flow wp-block-group-is-layout-flow\">\n<p class=\"has-vivid-cyan-blue-color has-text-color has-medium-font-size\">Postup nav\u00e1z\u00e1n\u00ed spojen\u00ed pro poskytnut\u00ed vzd\u00e1len\u00e9 pomoci:<\/p>\n\n\n\n<div class=\"wp-block-group\"><div class=\"wp-block-group__inner-container is-layout-flow wp-block-group-is-layout-flow\">\n<div class=\"wp-block-group\" style=\"font-size:14px\"><div class=\"wp-block-group__inner-container is-layout-flow wp-block-group-is-layout-flow\">\n<p class=\"has-medium-font-size\">St\u00e1hn\u011bte aplikaci TeamViewer kliknut\u00edm na oran\u017eov\u00e9 tla\u010d\u00edtko v prav\u00e9m horn\u00edm rohu a spus\u0165te ji.<br>Sd\u011blte n\u00e1m sv\u00e9 ID a heslo, kter\u00e9 jsou vygenerov\u00e1ny pro novou relaci.<br>Pracovn\u00edk z\u00e1kaznick\u00e9 podpory se pomoc\u00ed sd\u011blen\u00fdch \u00fadaj\u016f spoj\u00ed s va\u0161\u00edm po\u010d\u00edta\u010dem a provede pot\u0159ebn\u00fd servisn\u00ed z\u00e1sah.<br>Po vykon\u00e1n\u00ed servisn\u00edho z\u00e1sahu bude spojen\u00ed ukon\u010deno.<\/p>\n\n\n\n<p class=\"has-medium-font-size\">Spu\u0161t\u011bn\u00edm programu teamviewer.exe a sd\u011blen\u00edm sv\u00fdch \u00fadaj\u016f (ID a heslo) z\u00e1kazn\u00edk souhlas\u00ed s proveden\u00edm servisn\u00edho z\u00e1sahu prost\u0159ednictv\u00edm vzd\u00e1len\u00e9 spr\u00e1vy.<br>Z\u00e1kazn\u00edk si je z\u00e1rove\u0148 pln\u011b v\u011bdom skute\u010dnosti, \u017ee prost\u0159ednictv\u00edm t\u00e9to operace bude zam\u011bstnanci spole\u010dnosti COMPAKT umo\u017en\u011bn vzd\u00e1len\u00fd p\u0159\u00edstup na za\u0159\u00edzen\u00ed z\u00e1kazn\u00edka (PC, notebook, server) za \u00fa\u010delem proveden\u00ed servisn\u00edch \u010dinnost\u00ed podle jeho po\u017eadavk\u016f.<br>Z\u00e1kazn\u00edk souhlas\u00ed, \u017ee uveden\u00fd servisn\u00ed z\u00e1sah bude zpoplatn\u011bn dle platn\u00e9ho cen\u00edku.<\/p>\n<\/div><\/div>\n<\/div><\/div>\n<\/div><\/div>\n","protected":false},"excerpt":{"rendered":"<p>Postup nav\u00e1z\u00e1n\u00ed spojen\u00ed pro poskytnut\u00ed vzd\u00e1len\u00e9 pomoci: St\u00e1hn\u011bte aplikaci TeamViewer kliknut\u00edm na oran\u017eov\u00e9 tla\u010d\u00edtko v prav\u00e9m horn\u00edm rohu a spus\u0165te ji.Sd\u011blte n\u00e1m sv\u00e9 ID a&hellip;<\/p>\n","protected":false},"author":1,"featured_media":0,"parent":0,"menu_order":0,"comment_status":"closed","ping_status":"closed","template":"","meta":{"footnotes":""},"class_list":["post-25","page","type-page","status-publish","hentry"],"_links":{"self":[{"href":"https:\/\/www.compakt.cz\/index.php?rest_route=\/wp\/v2\/pages\/25","targetHints":{"allow":["GET"]}}],"collection":[{"href":"https:\/\/www.compakt.cz\/index.php?rest_route=\/wp\/v2\/pages"}],"about":[{"href":"https:\/\/www.compakt.cz\/index.php?rest_route=\/wp\/v2\/types\/page"}],"author":[{"embeddable":true,"href":"https:\/\/www.compakt.cz\/index.php?rest_route=\/wp\/v2\/users\/1"}],"replies":[{"embeddable":true,"href":"https:\/\/www.compakt.cz\/index.php?rest_route=%2Fwp%2Fv2%2Fcomments&post=25"}],"version-history":[{"count":21,"href":"https:\/\/www.compakt.cz\/index.php?rest_route=\/wp\/v2\/pages\/25\/revisions"}],"predecessor-version":[{"id":238,"href":"https:\/\/www.compakt.cz\/index.php?rest_route=\/wp\/v2\/pages\/25\/revisions\/238"}],"wp:attachment":[{"href":"https:\/\/www.compakt.cz\/index.php?rest_route=%2Fwp%2Fv2%2Fmedia&parent=25"}],"curies":[{"name":"wp","href":"https:\/\/api.w.org\/{rel}","templated":true}]}}