{"id":2,"date":"2022-02-14T15:36:38","date_gmt":"2022-02-14T15:36:38","guid":{"rendered":"http:\/\/www.compakt.cz\/?page_id=2"},"modified":"2022-07-28T12:48:12","modified_gmt":"2022-07-28T10:48:12","slug":"sample-page","status":"publish","type":"page","link":"https:\/\/www.compakt.cz\/?page_id=2","title":{"rendered":"O n\u00e1s"},"content":{"rendered":"\n<p class=\"has-black-color has-text-color has-medium-font-size\">Spole\u010dnost COMPAKT p\u016fsob\u00ed na trhu IT ji\u017e od sv\u00e9ho zalo\u017een\u00ed, tj. od 1.4.1998, s p\u016fsobnost\u00ed zejm\u00e9na ve \u017d\u010f\u00e1rsk\u00e9m regionu. V roce 2003 pro\u0161la spole\u010dnost z d\u016fvodu r\u016fstu v\u00fdrazn\u00fdmi zm\u011bnami jak majetkov\u00fdmi, tak i organiza\u010dn\u00edmi a person\u00e1ln\u00edmi. Roz\u0161\u00ed\u0159en\u00ed firmy \u017e\u00e1dalo velk\u00e9 prostory pro kvalitn\u00ed z\u00e1zem\u00ed a proto byla centr\u00e1la spole\u010dnosti v roce 2003 p\u0159esunuta do Havl\u00ed\u010dkova Brodu. Roz\u0161\u00ed\u0159en\u00edm firmy narostla p\u016fsobnost spole\u010dnosti na cel\u00e9 \u00fazem\u00ed kraje Vyso\u010dina. Od roku 2018 firma poskytuje IT slu\u017eby firemn\u00ed klientele a servisn\u00ed podporu pro internetov\u00e9 z\u00e1kazn\u00edky PODA.<\/p>\n","protected":false},"excerpt":{"rendered":"<p>Spole\u010dnost COMPAKT p\u016fsob\u00ed na trhu IT ji\u017e od sv\u00e9ho zalo\u017een\u00ed, tj. od 1.4.1998, s p\u016fsobnost\u00ed zejm\u00e9na ve \u017d\u010f\u00e1rsk\u00e9m regionu. V roce 2003 pro\u0161la spole\u010dnost z&hellip;<\/p>\n","protected":false},"author":1,"featured_media":0,"parent":0,"menu_order":0,"comment_status":"closed","ping_status":"open","template":"","meta":{"footnotes":""},"class_list":["post-2","page","type-page","status-publish","hentry"],"_links":{"self":[{"href":"https:\/\/www.compakt.cz\/index.php?rest_route=\/wp\/v2\/pages\/2","targetHints":{"allow":["GET"]}}],"collection":[{"href":"https:\/\/www.compakt.cz\/index.php?rest_route=\/wp\/v2\/pages"}],"about":[{"href":"https:\/\/www.compakt.cz\/index.php?rest_route=\/wp\/v2\/types\/page"}],"author":[{"embeddable":true,"href":"https:\/\/www.compakt.cz\/index.php?rest_route=\/wp\/v2\/users\/1"}],"replies":[{"embeddable":true,"href":"https:\/\/www.compakt.cz\/index.php?rest_route=%2Fwp%2Fv2%2Fcomments&post=2"}],"version-history":[{"count":9,"href":"https:\/\/www.compakt.cz\/index.php?rest_route=\/wp\/v2\/pages\/2\/revisions"}],"predecessor-version":[{"id":249,"href":"https:\/\/www.compakt.cz\/index.php?rest_route=\/wp\/v2\/pages\/2\/revisions\/249"}],"wp:attachment":[{"href":"https:\/\/www.compakt.cz\/index.php?rest_route=%2Fwp%2Fv2%2Fmedia&parent=2"}],"curies":[{"name":"wp","href":"https:\/\/api.w.org\/{rel}","templated":true}]}}