{"id":18,"date":"2022-02-14T15:03:33","date_gmt":"2022-02-14T15:03:33","guid":{"rendered":"http:\/\/www.compakt.cz\/?page_id=18"},"modified":"2026-02-04T10:15:51","modified_gmt":"2026-02-04T09:15:51","slug":"18-2","status":"publish","type":"page","link":"https:\/\/www.compakt.cz\/?page_id=18","title":{"rendered":"Kontakt"},"content":{"rendered":"\n<div class=\"wp-block-group\"><div class=\"wp-block-group__inner-container is-layout-flow wp-block-group-is-layout-flow\">\n<div class=\"wp-block-group has-black-color has-text-color\" style=\"font-size:14px;font-style:normal;font-weight:600\"><div class=\"wp-block-group__inner-container is-layout-flow wp-block-group-is-layout-flow\">\n<div class=\"wp-block-group\" style=\"font-size:14px\"><div class=\"wp-block-group__inner-container is-layout-flow wp-block-group-is-layout-flow\">\n<div class=\"wp-block-group\"><div class=\"wp-block-group__inner-container is-layout-flow wp-block-group-is-layout-flow\">\n<h3 class=\"has-medium-font-size wp-block-heading\" id=\"provozovna\">Provozovna<\/h3>\n\n\n\n<p class=\"has-medium-font-size\">COMPAKT<br>U Svat\u00e9ho J\u00e1na 3609<br>Havl\u00ed\u010dk\u016fv Brod 580 01<\/p>\n<\/div><\/div>\n<\/div><\/div>\n\n\n\n<figure class=\"wp-block-table is-style-regular\" style=\"font-size:15px\"><table><tbody><tr><th>I\u010cO<\/th><td>72959657<\/td><\/tr><tr><th>DI\u010c<\/th><td>CZ7612082995<\/td><\/tr><tr><th>Platebn\u00ed kontakt<\/th><td>\u010cSOB 240555734\/0300<\/td><\/tr><tr><th>Faktura\u010dn\u00ed adresa<\/th><td>Pavel Bure\u0161<br>Chel\u010dick\u00e9ho 1005, Havl. Brod<\/td><\/tr><tr><th>Pl\u00e1tce DPH<\/th><td>Ano<\/td><\/tr><\/tbody><\/table><\/figure>\n\n\n\n<p class=\"has-medium-font-size\">Prodejna (pouze pro internetov\u00e9 z\u00e1kazn\u00edky) : otev\u00edrac\u00ed doba pouze po telefonick\u00e9 domluv\u011b<\/p>\n\n\n\n<figure class=\"wp-block-table\" style=\"font-size:15px\"><table><tbody><tr><td>Telefon:<\/td><td>569 421 404<\/td><\/tr><tr><td>E-mail:<\/td><td>obchod(zavin\u00e1\u010d)compakt.cz<\/td><\/tr><\/tbody><\/table><\/figure>\n\n\n\n<p class=\"has-medium-font-size\">Hotline &#8211; internet: pracovn\u00ed dny, v\u00edkendy, sv\u00e1tky, 07:00-19:30<\/p>\n\n\n\n<figure class=\"wp-block-table\" style=\"font-size:15px\"><table><tbody><tr><td>Hotline COMPAKT, Havl\u00ed\u010dk\u016fv Brod&nbsp;&nbsp;&nbsp;<\/td><td>Mobil: 733 684 382<\/td><\/tr><tr><td>Hotline PODA<\/td><td>Mobil: 703 730 730<\/td><\/tr><\/tbody><\/table><\/figure>\n<\/div><\/div>\n<\/div><\/div>\n","protected":false},"excerpt":{"rendered":"<p>Provozovna COMPAKTU Svat\u00e9ho J\u00e1na 3609Havl\u00ed\u010dk\u016fv Brod 580 01 I\u010cO 72959657 DI\u010c CZ7612082995 Platebn\u00ed kontakt \u010cSOB 240555734\/0300 Faktura\u010dn\u00ed adresa Pavel Bure\u0161Chel\u010dick\u00e9ho 1005, Havl. Brod Pl\u00e1tce DPH&hellip;<\/p>\n","protected":false},"author":1,"featured_media":0,"parent":0,"menu_order":0,"comment_status":"closed","ping_status":"closed","template":"","meta":{"footnotes":""},"class_list":["post-18","page","type-page","status-publish","hentry"],"_links":{"self":[{"href":"https:\/\/www.compakt.cz\/index.php?rest_route=\/wp\/v2\/pages\/18","targetHints":{"allow":["GET"]}}],"collection":[{"href":"https:\/\/www.compakt.cz\/index.php?rest_route=\/wp\/v2\/pages"}],"about":[{"href":"https:\/\/www.compakt.cz\/index.php?rest_route=\/wp\/v2\/types\/page"}],"author":[{"embeddable":true,"href":"https:\/\/www.compakt.cz\/index.php?rest_route=\/wp\/v2\/users\/1"}],"replies":[{"embeddable":true,"href":"https:\/\/www.compakt.cz\/index.php?rest_route=%2Fwp%2Fv2%2Fcomments&post=18"}],"version-history":[{"count":15,"href":"https:\/\/www.compakt.cz\/index.php?rest_route=\/wp\/v2\/pages\/18\/revisions"}],"predecessor-version":[{"id":264,"href":"https:\/\/www.compakt.cz\/index.php?rest_route=\/wp\/v2\/pages\/18\/revisions\/264"}],"wp:attachment":[{"href":"https:\/\/www.compakt.cz\/index.php?rest_route=%2Fwp%2Fv2%2Fmedia&parent=18"}],"curies":[{"name":"wp","href":"https:\/\/api.w.org\/{rel}","templated":true}]}}